{"id":846,"date":"2016-07-07T15:07:05","date_gmt":"2016-07-07T15:07:05","guid":{"rendered":"http:\/\/consinter.org\/?page_id=846"},"modified":"2024-12-12T14:08:09","modified_gmt":"2024-12-12T14:08:09","slug":"equipe-editorial","status":"publish","type":"page","link":"https:\/\/consinter.org\/es\/equipe-editorial","title":{"rendered":"Equipo editorial"},"content":{"rendered":"<div class=\"wpb-content-wrapper\"><p>[vc_row][vc_column][vc_column_text css=&#8221;&#8221;]<\/p>\n<h3 id=\"comite\">COMIT\u00c9 DE DIRECCI\u00d3N DE LA REVISTA INTERNACIONAL CONSINTER DE DIREITO<\/h3>\n<p><strong>Director ejecutivo y editor<\/strong><br \/>\nProf. Dr. David Vallesp\u00edn P\u00e9rez &#8211; Catedr\u00e1tico de Derecho Procesal de la Universitat de Barcelona, Barcelona &#8211; Espa\u00f1a.\u00a0<a href=\"https:\/\/webgrec.ub.edu\/webpages\/000002\/cas\/dvallespin.ub.edu.html\" target=\"_blank\" rel=\"noopener\">[icon name=&#8221;up-right-from-square&#8221;]<\/a><\/p>\n<h3 id=\"codirecao\">CODIRECCI\u00d3N<\/h3>\n<p><strong>Profa. Dra. Mar\u00eda Yolanda S\u00e1nchez-Ur\u00e1n Aza\u00f1a<\/strong><br \/>\nCatedr\u00e1tica de Derecho del Trabajo y de la Seguridad Social de la Facultad de Derecho, Universidad Complutense de Madrid \u2013 UCM, de la que ha sido Vicedecana de Estudios, Espacio Europeo de Educaci\u00f3n Superior y de Innovaci\u00f3n Educativa y Convergencia Europea.\u00a0<a href=\"https:\/\/www.ucm.es\/directorio\/?id=3212\" target=\"_blank\" rel=\"noopener\">[icon name=&#8221;up-right-from-square&#8221;]<\/a><\/p>\n<p><strong>Prof. Dr. Germ\u00e1n Barreiro Gonz\u00e1lez<em> in memoriam<\/em><\/strong><br \/>\nCatedr\u00e1tico de Derecho del Trabajo y de la Seguridad Social de la Facultad por la Universidad Complutense de Madrid, Espanha. Colaborador Honor\u00edfico en el Departamento de Derecho Privado y de la Empresa \u2013 Universidad de Le\u00f3n (Espa\u00f1a). <a href=\"https:\/\/portalcientifico.unileon.es\/investigadores\/222445\/detalle\" target=\"_blank\" rel=\"noopener\">[icon name=&#8221;up-right-from-square&#8221;]<\/a><\/p>\n<p><strong>Prof. Dr. Gon\u00e7alo S. de Melo Bandeira<\/strong><br \/>\nProfessor Adjunto e Coordenador das Ci\u00eancias Jur\u00eddico-Fundamentais na ESG\/IPCA, Minho, Portugal. Professor Convidado do Mestrado na Universidade do Minho. Investigador do CEDU \u2013 Centro de Estudos em Direito da Uni\u00e3o Europeia. Doutor e Licenciado pela Faculdade de Direito da Universidade de Coimbra. Mestre pela Faculdade de Direito da Universidade Cat\u00f3lica Portuguesa.\u00a0<a href=\"https:\/\/www.jusgov.uminho.pt\/pt-pt\/investigadores\/goncalo-melo-bandeira\/\" target=\"_blank\" rel=\"noopener\">[icon name=&#8221;up-right-from-square&#8221;]<\/a><\/p>\n<p><strong>Prof. Dr. Ant\u00f4nio C\u00e9sar Bochenek<\/strong><br \/>\nDoutor pela Universidade de Coimbra, Professor da Escola Nacional de Forma\u00e7\u00e3o e Aperfei\u00e7oamento de Magistrado &#8211; ENFAM e na Universidade Estadual de Ponta Grossa &#8211; UEPG. <a href=\"https:\/\/www.ces.uc.pt\/doutoramentos\/util\/info.php?id_lingua=1&amp;id_doutoramento=2&amp;id_investigador=264\" target=\"_blank\" rel=\"noopener\">[icon name=&#8221;up-right-from-square&#8221;]<\/a><\/p>\n<h3 id=\"adjunta\">COMISI\u00d3N ADJUNTA DE DIRECCI\u00d3N &#8211; SECRETARIA<\/h3>\n<p><strong>Profa. Dra. Nome\u00ed Jim\u00e9nez Cardona<\/strong><br \/>\nProfesora de Derecho Mercantil de la Universitat de Barcelona, Barcelona, Espa\u00f1a.\u00a0<a href=\"https:\/\/idpbarcelona.net\/miembros\/noemi-jimenez-cardona\/\" target=\"_blank\" rel=\"noopener\">[icon name=&#8221;up-right-from-square&#8221;]<\/a><\/p>\n<p><strong>Profa. Dra. Nancy Vernengo Pellejero<\/strong><br \/>\nProfesora de Derecho Procesal de la Universitat de Barcelona, Barcelona, Espa\u00f1a.\u00a0<a href=\"https:\/\/webgrec.ub.edu\/webpages\/000002\/cat\/nvernengop.ub.edu.html\" target=\"_blank\" rel=\"noopener\">[icon name=&#8221;up-right-from-square&#8221;]<\/a><\/p>\n<h3 id=\"coordenacao\">COORDINACI\u00d3N EJECUTIVA<\/h3>\n<p><strong>Coordinadores<\/strong><br \/>\nLuiz Augusto Oliveira Jr<br \/>\nFrancine Oliveira<\/p>\n<p><strong>Coordinaci\u00f3n Ejecutiva Adjunta<\/strong><br \/>\nMarcia Teixeira<\/p>\n<p><strong>Evaluador T\u00e9cnico<br \/>\n<\/strong>Prof. Dr. Deilton Ribeiro Brasil<\/p>\n<p><strong>Evaluador de autenticidad (plagio)<br \/>\n<\/strong>T\u00e2nia Saiki<\/p>\n<p id=\"suporte\"><strong>Tecnico de Soporte Digital<\/strong><br \/>\nDavid Vallesp\u00edn Romero<\/p>\n<h3 id=\"conselho\">CONSEJO EDITORIAL<\/h3>\n<p><strong>Prof. Dr. David Vallesp\u00edn P\u00e9rez<\/strong> &#8211; <strong>Diretor Executivo e Editor <\/strong>&#8211; Catedr\u00e1tico de Derecho Procesal de la Universitat de Barcelona, Barcelona &#8211; Espa\u00f1a. <a href=\"https:\/\/webgrec.ub.edu\/webpages\/000002\/cas\/dvallespin.ub.edu.html\" target=\"_blank\" rel=\"noopener\">[icon name=&#8221;up-right-from-square&#8221;]<\/a><\/p>\n<p><strong>Prof. Dr. Andreu Olesti Rayo<\/strong><br \/>\nCatedr\u00e1tico de Derecho Internacional P\u00fablico de la Universitat de Barcelona, Barcelona, Espa\u00f1a.\u00a0<a href=\"https:\/\/webgrec.ub.edu\/webpages\/000002\/cat\/olesti.ub.edu.html\" target=\"_blank\" rel=\"noopener\">[icon name=&#8221;up-right-from-square&#8221;]<\/a><\/p>\n<p><strong>Prof. Dr. Joan Llu\u00eds P\u00e9rez Francesch<\/strong><br \/>\nCatedr\u00e1tico de Derecho Constitucional de la Universitat Aut\u00f2noma de Barcelona, Barcelona, Espa\u00f1a.\u00a0<a href=\"https:\/\/portalrecerca.uab.cat\/en\/persons\/juan-luis-perez-francesch\" target=\"_blank\" rel=\"noopener\">[icon name=&#8221;up-right-from-square&#8221;]<\/a><\/p>\n<p><strong>Prof. Dr. Fernando Mart\u00edn Diz<\/strong><br \/>\nCatedr\u00e1tico de Derecho Procesal de la Universidad de Salamanca, Salamanca, Espa\u00f1a.\u00a0<a href=\"https:\/\/derecho.usal.es\/staff\/martin-diz-fernando\/\" target=\"_blank\" rel=\"noopener\">[icon name=&#8221;up-right-from-square&#8221;]<\/a><\/p>\n<p><strong>Prof. Dr. Tom\u00e0s Font i Llovet<\/strong><br \/>\nCatedr\u00e1tico de Derecho Administrativo de la Universitat de Barcelona, Barcelona, Espa\u00f1a.\u00a0<a href=\"https:\/\/webgrec.ub.edu\/webpages\/000002\/cas\/tfont.ub.edu.html\" target=\"_blank\" rel=\"noopener\">[icon name=&#8221;up-right-from-square&#8221;]<\/a><\/p>\n<p><strong>Prof. Dr. Jos\u00e9 Mar\u00eda Tovillas Mor\u00e1n<\/strong><br \/>\nCatedr\u00e1tico de Derecho Financiero y Tributario de la Universitat de Barcelona, Barcelona, Espa\u00f1a.\u00a0<a href=\"https:\/\/webgrec.ub.edu\/webpages\/000002\/cas\/jmtovillas.ub.edu.html\" target=\"_blank\" rel=\"noopener\">[icon name=&#8221;up-right-from-square&#8221;]<\/a><\/p>\n<p><strong>Prof. Dr. Roberto Cippitani<\/strong><br \/>\nProfessore di Diritto Privato nell&#8217;Universit\u00e0 di Perugia, Italia.\u00a0<a href=\"https:\/\/www.researchgate.net\/profile\/Roberto-Cippitani-2\/2\" target=\"_blank\" rel=\"noopener\">[icon name=&#8221;up-right-from-square&#8221;]<\/a><\/p>\n<p><strong>Prof. Dr. Pier Paolo Paulesu<\/strong><br \/>\nProfessore ordinario di Diritto Processuale Penale nell&#8217;Universit\u00e0 di Padova, Italia.\u00a0<a href=\"https:\/\/www.unipd.it\/en\/contatti\/rubrica\/?detail=Y&amp;ruolo=1&amp;checkout=cerca&amp;persona=PAULESU&amp;key=DFEDE152E5DC15B5088EC7884CA11900\" target=\"_blank\" rel=\"noopener\">[icon name=&#8221;up-right-from-square&#8221;]<\/a><\/p>\n<p><strong>Prof. Dr. Francisco Javier Donaire<\/strong><br \/>\nProfesor Titular de Derecho Constitucional de la Universidad Carlos III de Madrid, Madrid, Espa\u00f1a.\u00a0<a href=\"https:\/\/www.uc3m.es\/ss\/Satellite\/DeptDerPublico\/es\/DetallePersonalDept\/1371327650564\/idu-3282\" target=\"_blank\" rel=\"noopener\">[icon name=&#8221;up-right-from-square&#8221;]<\/a><\/p>\n<p><strong>Profa. Dra. Mar\u00eda Pilar Mart\u00edn R\u00edos<\/strong><br \/>\nProfesora Titular de Derecho Procesal de la Universidad de Sevilla, Sevilla, Espa\u00f1a.\u00a0<a href=\"https:\/\/www.us.es\/trabaja-en-la-us\/directorio\/maria-del-pilar-martin-rios\" target=\"_blank\" rel=\"noopener\">[icon name=&#8221;up-right-from-square&#8221;]<\/a><\/p>\n<p><strong>Profa. Dra. Ver\u00f3nica L\u00f3pez Yag\u00fce<\/strong><br \/>\nDoctora en Derecho y Profesora titular de Derecho Procesal en la Universidad de Alicante. <a href=\"https:\/\/cvnet.cpd.ua.es\/curriculum-breve\/es\/lopez-yag%C3%BCes-veronica\/234\" target=\"_blank\" rel=\"noopener\">[icon name=&#8221;up-right-from-square&#8221;]<\/a><\/p>\n<p><strong>Profa. Dra. Leticia Fontestad Portales<\/strong><br \/>\nCatedr\u00e1tica de Derecho Procesal de la Universidad de M\u00e1laga, M\u00e1laga, Espa\u00f1a. <a href=\"https:\/\/www.uma.es\/departments\/teachers\/ZUdNN1A4aDFQaEYrazBJTi9KZmNiUT09\/\" target=\"_blank\" rel=\"noopener\">[icon name=&#8221;up-right-from-square&#8221;]<\/a><\/p>\n<p><strong>Profa. Dra. Irene Rovira Ferrer<\/strong><br \/>\nProfesora Agregada de Derecho Financiero y Tributario de la Universitat Oberta de Catalunya, Espa\u00f1a.\u00a0<a href=\"https:\/\/talent.uoc.edu\/es\/irene-rovira-ferrer.html\" target=\"_blank\" rel=\"noopener\">[icon name=&#8221;up-right-from-square&#8221;]<\/a><\/p>\n<p><strong>Profa. Dra. Alicia Gonz\u00e1lez Navarro<\/strong><br \/>\nProfesora Titular de Derecho Procesal de la Universidad de La Laguna (Santa Cruz de Tenerife), Espa\u00f1a.\u00a0<a href=\"https:\/\/www.ull.es\/portal\/cienciaull\/alicia-gonzalez-navarro\/\" target=\"_blank\" rel=\"noopener\">[icon name=&#8221;up-right-from-square&#8221;]<\/a><\/p>\n<p><strong>Prof. Dr. Jos\u00e9 Mar\u00eda Asencio Gallego<\/strong><br \/>\nJuez y Profesor de Derecho Penal de la Universitat de Barcelona, Espa\u00f1a.\u00a0<a href=\"https:\/\/www.ub.edu\/portal\/documents\/620105\/0\/CV+Jos+Mara+Asencio+Gallego.pdf\/e79ec11e-35a9-91e5-c0d3-a04e424ba569\" target=\"_blank\" rel=\"noopener\">[icon name=&#8221;up-right-from-square&#8221;]<\/a><\/p>\n<p><strong>Prof. David Moya Malapeira<\/strong><br \/>\nProfesor Agregado de Derecho Constitucional de la Universitat de Barcelona, Espa\u00f1a.\u00a0<a href=\"https:\/\/webgrec.ub.edu\/webpages\/000002\/cas\/dmoya.ub.edu.html\" target=\"_blank\" rel=\"noopener\">[icon name=&#8221;up-right-from-square&#8221;]<\/a><\/p>\n<p><strong>Prof. Dr. Diego Palomo V\u00e9lez<\/strong><br \/>\nProfesor de Derecho Procesal de la Universidad de Talca, Chile.\u00a0<a href=\"https:\/\/webgrec.ub.edu\/webpages\/000002\/cas\/dmoya.ub.edu.html\" target=\"_blank\" rel=\"noopener\">[icon name=&#8221;up-right-from-square&#8221;]<\/a><\/p>\n<p><strong>Prof. Dr. Jordi Delgado Castro<\/strong><br \/>\nProfesor de Derecho Procesal de la Universidad Austral, Chile.\u00a0<a href=\"https:\/\/www.derecho.uach.cl\/index.php\/profesores\/profesores-jornada-completa\/18-cuerpo-academico\/636-jordidelgadocastro.html\" target=\"_blank\" rel=\"noopener\">[icon name=&#8221;up-right-from-square&#8221;]<\/a><\/p>\n<p><strong>Prof. Dr. Ignacio M. Soba Bracesco<\/strong><br \/>\nProfesor de Derecho Procesal de la Universidad de la Rep\u00fablica, Uruguay.\u00a0<a href=\"https:\/\/fder.academia.edu\/IgnacioSoba\/CurriculumVitae\" target=\"_blank\" rel=\"noopener\">[icon name=&#8221;up-right-from-square&#8221;]<\/a><\/p>\n<p><strong>Profa. Dra. M\u00f3nica Mar\u00eda Bustamante Rua<\/strong><br \/>\nProfesora PhD &#8211; Directora de la Escuela de Maestr\u00eda de la Universidad de Medell\u00edn, Colombia.\u00a0<a href=\"https:\/\/investigaciones-pure.udem.edu.co\/es\/persons\/m%C3%B3nica-mar%C3%ADa-bustamante-r%C3%BAa\" target=\"_blank\" rel=\"noopener\">[icon name=&#8221;up-right-from-square&#8221;]<\/a><\/p>\n<p><strong>Profa. Dra. Maria Angeles P\u00e9rez Mar\u00edn<\/strong><br \/>\nProfesora Titular de Derecho Procesal, Universidad de Sevilla, Espa\u00f1a.\u00a0<a href=\"https:\/\/www.us.es\/trabaja-en-la-us\/directorio\/maria-angeles-perez-marin\" target=\"_blank\" rel=\"noopener\">[icon name=&#8221;up-right-from-square&#8221;]<\/a><\/p>\n<p><strong>Prof. Dr. Enrique Ricardo Lewandowski<\/strong><br \/>\nMinistro do Supremo Tribunal Federal \u2013 STF &#8211; Brasil. Doutor em Direito pela Faculdade de Direito da Universidade de S\u00e3o Paulo. Livre-docente em Direito pela Faculdade de Direito da Universidade de S\u00e3o Paulo. Professor Titular de Teoria Geral do Estado da Faculdade de Direito da Universidade de S\u00e3o Paulo. <a href=\"https:\/\/portal.stf.jus.br\/ministro\/presidente.asp?periodo=stf&amp;id=41\" target=\"_blank\" rel=\"noopener\">[icon name=&#8221;up-right-from-square&#8221;]<\/a><\/p>\n<p><strong>Prof. Dr. Luiz Alberto Gurgel de Faria<\/strong><br \/>\nDoutor e mestre em direito p\u00fablico pela Universidade Federal de Pernambuco &#8211; UFPE. Graduado em direito na Universidade Federal do Rio Grande do Norte &#8211; UFRN. \u00c9 autor, palestrante e professor da UFRN, atualmente em colabora\u00e7\u00e3o t\u00e9cnica com a Universidade de Bras\u00edlia &#8211; UnB, onde leciona. Ministro do Superior Tribunal de Justi\u00e7a \u2013 STJ, Brasil. <a href=\"https:\/\/www.stj.jus.br\/sites\/portalp\/Paginas\/Institucional\/Arquivo-Cidadao\/Linha-Sucessoria-dos-Ministros\/Gurgel-de-Faria.aspx\" target=\"_blank\" rel=\"noopener\">[icon name=&#8221;up-right-from-square&#8221;]<\/a><\/p>\n<p><strong>Prof. Dr. Ricardo Villas B\u00f4as Cueva<\/strong><br \/>\nMinistro do Superior Tribunal de Justi\u00e7a &#8211; STJ. Doutor em Direito pela Universidade de Frankfurt &#8211; Johann Wolfgang Goethe Universit\u00e4t. Mestre em Direito pela Universidade Harvard. Bacharel em Direito Universidade de S\u00e3o Paulo &#8211; USP. Foi Conselheiro do CADE, Procurador do Estado de S\u00e3o Paulo e Procurador da Fazenda Nacional. <a href=\"https:\/\/www.stj.jus.br\/web\/verCurriculoMinistro?parametro=1&amp;cod_matriculamin=0001210&amp;aplicacao=ministros.ativos\" target=\"_blank\" rel=\"noopener\">[icon name=&#8221;up-right-from-square&#8221;]<\/a><\/p>\n<p><strong>Prof. Dr. Alexandre Lib\u00f3rio Dias Pereira<\/strong><br \/>\nDoutor em Direito; Professor da Faculdade de Direito da Universidade de Coimbra, Portugal.\u00a0<a href=\"https:\/\/apps.uc.pt\/mypage\/faculty\/alexis\/pt\" target=\"_blank\" rel=\"noopener\">[icon name=&#8221;up-right-from-square&#8221;]<\/a><\/p>\n<p><strong>Prof. Dr. Carlos Francisco Molina del Pozo<\/strong><br \/>\nCatedr\u00e1tico de Derecho Administrativo e Director del Centro de Documentaci\u00f3n Europeia de la Universidade de Alcal\u00e1 de Henares; Profesor da Escuela Diplomatica y del Instituto Nacional de Administraci\u00f3n Publica, Espa\u00f1a. <a href=\"https:\/\/www.uah.es\/es\/estudios\/profesor\/Carlos-Francisco-Molina-del-Pozo\" target=\"_blank\" rel=\"noopener\">[icon name=&#8221;up-right-from-square&#8221;]<\/a><\/p>\n<p><strong>Prof. Dr. Ignacio Berdugo G\u00f3mez de la Torre<\/strong><br \/>\nCatedr\u00e1tico de Derecho Penal en la Universidad de Salamanca, Espanha.\u00a0<a href=\"https:\/\/produccioncientifica.usal.es\/investigadores\/56396\/detalle\" target=\"_blank\" rel=\"noopener\">[icon name=&#8221;up-right-from-square&#8221;]<\/a><\/p>\n<p><strong>Prof. Dr. Manuel Mart\u00ednez Neira<\/strong><br \/>\nProfessor Titular da Faculdade de Ci\u00eancias Sociais e Direito da Universidade Carlos III de Madrid, Espanha. <a href=\"https:\/\/www.uc3m.es\/ss\/Satellite\/DeptDerPenProcHist\/es\/DetallePersonalDept\/1371327673045\/idu-480\" target=\"_blank\" rel=\"noopener\">[icon name=&#8221;up-right-from-square&#8221;]<\/a><\/p>\n<p><strong>Profa. Dra. Mar\u00eda Amparo Grau Ruiz<\/strong><br \/>\nCatedr\u00e1tica de Derecho Financiero y Tributario \u2013 Universidad Complutense de Madrid, Espanha. <a href=\"https:\/\/www.ucm.es\/fintrib\/grau-ruiz,-maria-amparo-profesora-titular\" target=\"_blank\" rel=\"noopener\">[icon name=&#8221;up-right-from-square&#8221;]<\/a><\/p>\n<p><strong>Prof. Dr. M\u00e1rio Jo\u00e3o Ferreira Monte<\/strong><br \/>\nDoutor em Ci\u00eancias Jur\u00eddico-Criminais; Professor Associado com nomea\u00e7\u00e3o definitiva na Escola de Direito da Universidade do Minho; membro integrado do Centro de Investiga\u00e7\u00e3o de Direitos Humanos da Universidade do Minho e Presidente do Instituto Lus\u00f3fono de Justi\u00e7a Criminal (JUSTICRIM), Portugal.\u00a0<a href=\"https:\/\/www.jusgov.uminho.pt\/pt-pt\/investigadores\/mario-monte\/\" target=\"_blank\" rel=\"noopener\">[icon name=&#8221;up-right-from-square&#8221;]<\/a><\/p>\n<p><strong>Prof. Dr. Paulo Ferreira da Cunha<\/strong><br \/>\nDoutor em Direito; Professor Catedr\u00e1tico da Faculdade de Direito da Universidade do Porto, Portugal.\u00a0<a href=\"https:\/\/sigarra.up.pt\/fdup\/pt\/func_geral.formview?p_codigo=300207\" target=\"_blank\" rel=\"noopener\">[icon name=&#8221;up-right-from-square&#8221;]<\/a><\/p>\n<p><strong>Prof. Dr. Faustino Martinez Martinez<\/strong><br \/>\n<span style=\"font-family: Arial;\"><span lang=\"ES\">Catedr\u00e1tico de Historia del Derecho y Vicedecano de Investigaci\u00f3n de la Universidad Complutense de Madrid<\/span><\/span>. <a href=\"https:\/\/www.ucm.es\/iudc\/file\/prof.-dr.-faustino-martinez-martinez?ver\" target=\"_blank\" rel=\"noopener\">[icon name=&#8221;up-right-from-square&#8221;]<\/a><\/p>\n<p><strong>Prof. Dr. Ignacio Garcia Vitoria<\/strong><br \/>\n<span style=\"font-family: Arial;\"><span lang=\"ES\">Doctor en Derecho. Profesor de Derecho Constitucional y Coordinador del Doctorado de la Universidad Complutense de Madrid<\/span><\/span>. <a href=\"https:\/\/www.ucm.es\/dpto-derechoconstitucional\/garcia-vitoria,-ignacio\" target=\"_blank\" rel=\"noopener\">[icon name=&#8221;up-right-from-square&#8221;]<\/a>[\/vc_column_text][\/vc_column][\/vc_row]<\/p>\n<\/div>","protected":false},"excerpt":{"rendered":"<p>[vc_row][vc_column][vc_column_text css=&#8221;&#8221;] COMIT\u00c9 DE DIRECCI\u00d3N DE LA REVISTA INTERNACIONAL CONSINTER DE DIREITO Director ejecutivo y editor Prof. Dr. David Vallesp\u00edn P\u00e9rez &#8211; Catedr\u00e1tico de Derecho Procesal de la Universitat de Barcelona, Barcelona &#8211; Espa\u00f1a.\u00a0[icon name=&#8221;up-right-from-square&#8221;] CODIRECCI\u00d3N Profa. Dra. Mar\u00eda Yolanda S\u00e1nchez-Ur\u00e1n Aza\u00f1a Catedr\u00e1tica de Derecho del Trabajo y de la Seguridad Social de la Facultad [&hellip;]<\/p>\n","protected":false},"author":1,"featured_media":0,"parent":0,"menu_order":0,"comment_status":"closed","ping_status":"closed","template":"","meta":{"_acf_changed":false,"footnotes":""},"class_list":["post-846","page","type-page","status-publish","hentry"],"acf":[],"_links":{"self":[{"href":"https:\/\/consinter.org\/es\/wp-json\/wp\/v2\/pages\/846","targetHints":{"allow":["GET"]}}],"collection":[{"href":"https:\/\/consinter.org\/es\/wp-json\/wp\/v2\/pages"}],"about":[{"href":"https:\/\/consinter.org\/es\/wp-json\/wp\/v2\/types\/page"}],"author":[{"embeddable":true,"href":"https:\/\/consinter.org\/es\/wp-json\/wp\/v2\/users\/1"}],"replies":[{"embeddable":true,"href":"https:\/\/consinter.org\/es\/wp-json\/wp\/v2\/comments?post=846"}],"version-history":[{"count":1,"href":"https:\/\/consinter.org\/es\/wp-json\/wp\/v2\/pages\/846\/revisions"}],"predecessor-version":[{"id":2326,"href":"https:\/\/consinter.org\/es\/wp-json\/wp\/v2\/pages\/846\/revisions\/2326"}],"wp:attachment":[{"href":"https:\/\/consinter.org\/es\/wp-json\/wp\/v2\/media?parent=846"}],"curies":[{"name":"wp","href":"https:\/\/api.w.org\/{rel}","templated":true}]}}