{"id":738,"date":"2016-02-15T11:16:37","date_gmt":"2016-02-15T11:16:37","guid":{"rendered":"http:\/\/consinter.org\/?page_id=738"},"modified":"2023-05-17T17:21:29","modified_gmt":"2023-05-17T17:21:29","slug":"quem-somos","status":"publish","type":"page","link":"https:\/\/consinter.org\/es\/quem-somos","title":{"rendered":"Quienes somos"},"content":{"rendered":"<p><strong>Conselho Internacional de Estudos Contempor\u00e2neos em P\u00f3s-Gradua\u00e7\u00e3o &#8211; CONSINTER<\/strong><\/p>\n<p>El Consinter es una instituci\u00f3n sin fines lucrativos que tiene como objeto:<\/p>\n<p style=\"padding-left: 30px;\">a)\u00a0Promover la autonom\u00eda individual a trav\u00e9s del conocimiento \u00a0de la cultura para que, de forma constructiva e integradora, el individuo pueda promover su proprio destino y, consecuentemente, el de la sociedad en general;<\/p>\n<p style=\"padding-left: 30px;\">b) Integrar a los acad\u00e9micos de las distintas universidades nacionales y extranjeras proporcion\u00e1ndoles crecimiento en la producci\u00f3n cient\u00edfica de valor en los m\u00e1s diversos pa\u00edses.<\/p>\n<p>Tales aspiraciones ser\u00e1n intrumentalizadas a trav\u00e9s de la realizaci\u00f3n de encuentros peri\u00f3dicos en los que todos los participantes podr\u00e1n interactuar, adem\u00e1s les ser\u00e1 facultado, a cada uno, la presentaci\u00f3n oral de su contribuci\u00f3n in\u00e9dita, as\u00ed como la divulgaci\u00f3n de su trabajo v\u00eda publicaciones f\u00edsicas y digitales, tanto en Europa como en Brasil.<\/p>\n<p>De este modo, CONSINTER, pretende impulsar la democratizaci\u00f3n del saber, la interacci\u00f3n entre los pueblos y la consolidaci\u00f3n del desarrollo, pues la suma de las contribuciones procedentes de diferentes culturas jur\u00eddicas permitir\u00e1 la superaci\u00f3n de los actuales l\u00edmites impuestos por la geograf\u00eda y la econom\u00eda, ampliando en mucho el conocimiento, al mismo tiempo que favorecer\u00e1 las reflexiones individuales comprometidas con los valores y principios vectores que orientan a la civilizaci\u00f3n contempor\u00e1nea<\/p>","protected":false},"excerpt":{"rendered":"<p>Conselho Internacional de Estudos Contempor\u00e2neos em P\u00f3s-Gradua\u00e7\u00e3o &#8211; CONSINTER El Consinter es una instituci\u00f3n sin fines lucrativos que tiene como objeto: a)\u00a0Promover la autonom\u00eda individual a trav\u00e9s del conocimiento \u00a0de la cultura para que, de forma constructiva e integradora, el individuo pueda promover su proprio destino y, consecuentemente, el de la sociedad en general; b) [&hellip;]<\/p>\n","protected":false},"author":1,"featured_media":0,"parent":0,"menu_order":0,"comment_status":"closed","ping_status":"closed","template":"","meta":{"_acf_changed":false,"footnotes":""},"class_list":["post-738","page","type-page","status-publish","hentry"],"acf":[],"_links":{"self":[{"href":"https:\/\/consinter.org\/es\/wp-json\/wp\/v2\/pages\/738","targetHints":{"allow":["GET"]}}],"collection":[{"href":"https:\/\/consinter.org\/es\/wp-json\/wp\/v2\/pages"}],"about":[{"href":"https:\/\/consinter.org\/es\/wp-json\/wp\/v2\/types\/page"}],"author":[{"embeddable":true,"href":"https:\/\/consinter.org\/es\/wp-json\/wp\/v2\/users\/1"}],"replies":[{"embeddable":true,"href":"https:\/\/consinter.org\/es\/wp-json\/wp\/v2\/comments?post=738"}],"version-history":[{"count":1,"href":"https:\/\/consinter.org\/es\/wp-json\/wp\/v2\/pages\/738\/revisions"}],"predecessor-version":[{"id":2021,"href":"https:\/\/consinter.org\/es\/wp-json\/wp\/v2\/pages\/738\/revisions\/2021"}],"wp:attachment":[{"href":"https:\/\/consinter.org\/es\/wp-json\/wp\/v2\/media?parent=738"}],"curies":[{"name":"wp","href":"https:\/\/api.w.org\/{rel}","templated":true}]}}