{"id":2195,"date":"2024-05-08T19:06:48","date_gmt":"2024-05-08T19:06:48","guid":{"rendered":"https:\/\/consinter.org\/?page_id=2195"},"modified":"2025-02-12T21:52:17","modified_gmt":"2025-02-12T21:52:17","slug":"seja-um-parecerista","status":"publish","type":"page","link":"https:\/\/consinter.org\/es\/seja-um-parecerista","title":{"rendered":"Sea un Evaluador"},"content":{"rendered":"<p>\u00bfQu\u00e9 tal ser parte de la selecta lista de evaluadores de CONSINTER como un puesto honorario?<\/p>\n<p><strong>Descubra los beneficios:<\/strong><\/p>\n<ul>\n<li>Ser parte del Cuerpo de Evaluadores de CONSINTER;<\/li>\n<li>Enriquecer su curr\u00edculo acad\u00e9mico con sus evaluaciones;<\/li>\n<li>Recibir un certificado de evaluaci\u00f3n;<\/li>\n<li>500 p\u00e1ginas gratuitas de la BV \u2013 Biblioteca Virtual de Juru\u00e1;<\/li>\n<li>10% de descuento en el env\u00edo de art\u00edculos y participaci\u00f3n\/presentaci\u00f3n en CONSINTER;<\/li>\n<li>10% de descuento en la compra de obras impresas, libros electr\u00f3nicos y p\u00e1ginas de evaluaci\u00f3n de BV \u2013 Biblioteca Virtual;<\/li>\n<li>Servicio especial a la hora de publicar un libro con Juru\u00e1 Editora.<\/li>\n<\/ul>\n<p><strong>Requisitos<\/strong><\/p>\n<ul>\n<li>Poseer t\u00edtulo de doctor;<\/li>\n<li>Estar vinculado a una Instituci\u00f3n Educativa;<\/li>\n<li>Tener al menos 1 a\u00f1o de aprobada la tesis;<\/li>\n<li>Tener al menos 2 art\u00edculos publicados en una Revista Internacional o QUALIS A;<\/li>\n<li>Estar disponible para evaluar un promedio de 06 art\u00edculos por a\u00f1o de aproximadamente 25 p\u00e1ginas.<\/li>\n<\/ul>\n<p><strong>\u00bfC\u00f3mo se eval\u00faan los art\u00edculos?<\/strong><\/p>\n<p>Utilizamos la plataforma<em> <strong>Open Journal Systems \u2013 OJS<\/strong><\/em><strong>,<\/strong> un software que tiene como objetivo agilizar el proceso de gesti\u00f3n editorial de art\u00edculos. Es una herramienta que auxilia en el proceso editorial de la revista con el env\u00edo y recepci\u00f3n de art\u00edculos, la evaluaci\u00f3n por revisores\/Evaluadores y el Consejo Editorial con la automatizaci\u00f3n de la revisi\u00f3n por pares a ciegas, y la comunicaci\u00f3n con los autores. De esta manera, la plataforma OJS otorga a la revista una mayor credibilidad dentro de la comunidad cient\u00edfica.<\/p>\n<p><strong>Complete sus datos a continuaci\u00f3n:<\/strong><\/p>\n\n<div class=\"wpcf7 no-js\" id=\"wpcf7-f2197-o2\" lang=\"pt-BR\" dir=\"ltr\" data-wpcf7-id=\"2197\">\n<div class=\"screen-reader-response\"><p role=\"status\" aria-live=\"polite\" aria-atomic=\"true\"><\/p> <ul><\/ul><\/div>\n<form action=\"\/es\/wp-json\/wp\/v2\/pages\/2195#wpcf7-f2197-o2\" method=\"post\" class=\"wpcf7-form init\" aria-label=\"Formul\u00e1rios de contato\" novalidate=\"novalidate\" data-status=\"init\">\n<fieldset class=\"hidden-fields-container\"><input type=\"hidden\" name=\"_wpcf7\" value=\"2197\" \/><input type=\"hidden\" name=\"_wpcf7_version\" value=\"6.1.5\" \/><input type=\"hidden\" name=\"_wpcf7_locale\" value=\"pt_BR\" \/><input type=\"hidden\" name=\"_wpcf7_unit_tag\" value=\"wpcf7-f2197-o2\" \/><input type=\"hidden\" name=\"_wpcf7_container_post\" value=\"0\" \/><input type=\"hidden\" name=\"_wpcf7_posted_data_hash\" value=\"\" \/>\n<\/fieldset>\n<div class=\"wpcf7-turnstile cf-turnstile\" data-sitekey=\"0x4AAAAAACGH0Jiy_qvN49vM\" data-response-field-name=\"_wpcf7_turnstile_response\"><\/div>\n\n<div class=\"row\">\n\t<div class=\"col-sm-6\">\n\t\t<div class=\"form-group\">\n\t\t\t<p><label>Nombre:<\/label><br \/>\n<span class=\"wpcf7-form-control-wrap\" data-name=\"nome\"><input size=\"40\" maxlength=\"400\" class=\"wpcf7-form-control wpcf7-text wpcf7-validates-as-required form-control\" aria-required=\"true\" aria-invalid=\"false\" value=\"\" type=\"text\" name=\"nome\" \/><\/span>\n\t\t\t<\/p>\n\t\t<\/div>\n\t<\/div>\n\t<div class=\"col-sm-6\">\n\t\t<div class=\"form-group\">\n\t\t\t<p><label >Correo electr\u00f3nico:<\/label><br \/>\n<span class=\"wpcf7-form-control-wrap\" data-name=\"email\"><input size=\"40\" maxlength=\"400\" class=\"wpcf7-form-control wpcf7-email wpcf7-validates-as-required wpcf7-text wpcf7-validates-as-email form-control\" aria-required=\"true\" aria-invalid=\"false\" value=\"\" type=\"email\" name=\"email\" \/><\/span>\n\t\t\t<\/p>\n\t\t<\/div>\n\t<\/div>\n<\/div>\n<div class=\"row\">\n\t<div class=\"col-sm-6\">\n\t\t<div class=\"form-group\">\n\t\t\t<p><label>Documento:<\/label><br \/>\n<span class=\"wpcf7-form-control-wrap\" data-name=\"cpf\"><input size=\"40\" maxlength=\"400\" class=\"wpcf7-form-control wpcf7-text wpcf7-validates-as-required form-control\" aria-required=\"true\" aria-invalid=\"false\" value=\"\" type=\"text\" name=\"cpf\" \/><\/span>\n\t\t\t<\/p>\n\t\t<\/div>\n\t<\/div>\n\t<div class=\"col-sm-6\">\n\t\t<div class=\"form-group\">\n\t\t\t<p><label>Tel\u00e9fono celular con c\u00f3digo de \u00e1rea:<\/label><br \/>\n<span class=\"wpcf7-form-control-wrap\" data-name=\"celular\"><input size=\"40\" maxlength=\"400\" class=\"wpcf7-form-control wpcf7-text wpcf7-validates-as-required form-control\" aria-required=\"true\" aria-invalid=\"false\" value=\"\" type=\"text\" name=\"celular\" \/><\/span>\n\t\t\t<\/p>\n\t\t<\/div>\n\t<\/div>\n<\/div>\n<div class=\"row\">\n\t<div class=\"col-sm-12\">\n\t\t<div class=\"form-group\">\n\t\t\t<p><label>Direcci\u00f3n:<\/label><br \/>\n<span class=\"wpcf7-form-control-wrap\" data-name=\"endereco\"><input size=\"40\" maxlength=\"400\" class=\"wpcf7-form-control wpcf7-text wpcf7-validates-as-required form-control\" aria-required=\"true\" aria-invalid=\"false\" value=\"\" type=\"text\" name=\"endereco\" \/><\/span>\n\t\t\t<\/p>\n\t\t<\/div>\n\t<\/div>\n<\/div>\n<div class=\"row\">\n\t<div class=\"col-sm-6\">\n\t\t<div class=\"form-group\">\n\t\t\t<p><label>Cuidad:<\/label><br \/>\n<span class=\"wpcf7-form-control-wrap\" data-name=\"cidade\"><input size=\"40\" maxlength=\"400\" class=\"wpcf7-form-control wpcf7-text wpcf7-validates-as-required form-control\" aria-required=\"true\" aria-invalid=\"false\" value=\"\" type=\"text\" name=\"cidade\" \/><\/span>\n\t\t\t<\/p>\n\t\t<\/div>\n\t<\/div>\n\t<div class=\"col-sm-6\">\n\t\t<div class=\"form-group\">\n\t\t\t<p><label>Estado:<\/label><br \/>\n<span class=\"wpcf7-form-control-wrap\" data-name=\"estado\"><input size=\"40\" maxlength=\"400\" class=\"wpcf7-form-control wpcf7-text wpcf7-validates-as-required form-control\" aria-required=\"true\" aria-invalid=\"false\" value=\"\" type=\"text\" name=\"estado\" \/><\/span>\n\t\t\t<\/p>\n\t\t<\/div>\n\t<\/div>\n<\/div>\n<div class=\"row\">\n\t<div class=\"col-sm-6\">\n\t\t<div class=\"form-group\">\n\t\t\t<p><label>Profesi\u00f3n:<\/label><br \/>\n<span class=\"wpcf7-form-control-wrap\" data-name=\"profissao\"><input size=\"40\" maxlength=\"400\" class=\"wpcf7-form-control wpcf7-text wpcf7-validates-as-required form-control\" aria-required=\"true\" aria-invalid=\"false\" value=\"\" type=\"text\" name=\"profissao\" \/><\/span>\n\t\t\t<\/p>\n\t\t<\/div>\n\t<\/div>\n\t<div class=\"col-sm-6\">\n\t\t<div class=\"form-group\">\n\t\t\t<p><label>N\u00famero ORCID**:<\/label><br \/>\n<span class=\"wpcf7-form-control-wrap\" data-name=\"orcid\"><input size=\"40\" maxlength=\"400\" class=\"wpcf7-form-control wpcf7-text wpcf7-validates-as-required form-control\" aria-required=\"true\" aria-invalid=\"false\" value=\"\" type=\"text\" name=\"orcid\" \/><\/span>\n\t\t\t<\/p>\n\t\t<\/div>\n\t<\/div>\n<\/div>\n<div class=\"row\">\n\t<div class=\"col-sm-12 form-group\">\n\t\t<p><b>Informa a tus redes sociales<\/b>\n\t\t<\/p>\n\t<\/div>\n<\/div>\n<div class=\"row\">\n\t<div class=\"col-sm-6\">\n\t\t<div class=\"form-group\">\n\t\t\t<p><label>Instagram:<\/label><br \/>\n<span class=\"wpcf7-form-control-wrap\" data-name=\"instagram\"><input size=\"40\" maxlength=\"400\" class=\"wpcf7-form-control wpcf7-text form-control\" aria-invalid=\"false\" value=\"\" type=\"text\" name=\"instagram\" \/><\/span>\n\t\t\t<\/p>\n\t\t<\/div>\n\t<\/div>\n\t<div class=\"col-sm-6\">\n\t\t<div class=\"form-group\">\n\t\t\t<p><label>Facebook:<\/label><br \/>\n<span class=\"wpcf7-form-control-wrap\" data-name=\"facebook\"><input size=\"40\" maxlength=\"400\" class=\"wpcf7-form-control wpcf7-text form-control\" aria-invalid=\"false\" value=\"\" type=\"text\" name=\"facebook\" \/><\/span>\n\t\t\t<\/p>\n\t\t<\/div>\n\t<\/div>\n<\/div>\n<div class=\"row\">\n\t<div class=\"col-sm-6\">\n\t\t<div class=\"form-group\">\n\t\t\t<p><label>Linkedin:<\/label><br \/>\n<span class=\"wpcf7-form-control-wrap\" data-name=\"linkedin\"><input size=\"40\" maxlength=\"400\" class=\"wpcf7-form-control wpcf7-text form-control\" aria-invalid=\"false\" value=\"\" type=\"text\" name=\"linkedin\" \/><\/span>\n\t\t\t<\/p>\n\t\t<\/div>\n\t<\/div>\n\t<div class=\"col-sm-6\">\n\t\t<div class=\"form-group\">\n\t\t\t<p><label>X-Twitter:<\/label><br \/>\n<span class=\"wpcf7-form-control-wrap\" data-name=\"x-twitter\"><input size=\"40\" maxlength=\"400\" class=\"wpcf7-form-control wpcf7-text form-control\" aria-invalid=\"false\" value=\"\" type=\"text\" name=\"x-twitter\" \/><\/span>\n\t\t\t<\/p>\n\t\t<\/div>\n\t<\/div>\n<\/div>\n<div class=\"row\">\n\t<div class=\"col-sm-6\">\n\t\t<div class=\"form-group\">\n\t\t\t<p><label>Sitio web:<\/label><br \/>\n<span class=\"wpcf7-form-control-wrap\" data-name=\"blog-site\"><input size=\"40\" maxlength=\"400\" class=\"wpcf7-form-control wpcf7-text form-control\" aria-invalid=\"false\" value=\"\" type=\"text\" name=\"blog-site\" \/><\/span>\n\t\t\t<\/p>\n\t\t<\/div>\n\t<\/div>\n\t<div class=\"col-sm-6\">\n\t\t<div class=\"form-group\">\n\t\t\t<p><label>Otros:<\/label><br \/>\n<span class=\"wpcf7-form-control-wrap\" data-name=\"outras\"><input size=\"40\" maxlength=\"400\" class=\"wpcf7-form-control wpcf7-text form-control\" aria-invalid=\"false\" value=\"\" type=\"text\" name=\"outras\" \/><\/span>\n\t\t\t<\/p>\n\t\t<\/div>\n\t<\/div>\n<\/div>\n<div class=\"row\">\n\t<div class=\"col-sm-12\">\n\t\t<div class=\"form-group\">\n\t\t\t<p><label>\u00bfC\u00f3mo se enter\u00f3 de CONSINTER?<\/label><br \/>\n<span class=\"wpcf7-form-control-wrap\" data-name=\"como-conheceu\"><input size=\"40\" maxlength=\"400\" class=\"wpcf7-form-control wpcf7-text wpcf7-validates-as-required form-control\" aria-required=\"true\" aria-invalid=\"false\" value=\"\" type=\"text\" name=\"como-conheceu\" \/><\/span>\n\t\t\t<\/p>\n\t\t<\/div>\n\t<\/div>\n<\/div>\n<div class=\"row\">\n\t<div class=\"col-sm-6\">\n\t\t<div class=\"form-group\">\n\t\t\t<p><label>\u00bfYa es autor de Juru\u00e1 Brasil o Europa?<\/label><br \/>\n<span class=\"wpcf7-form-control-wrap\" data-name=\"autor-jurua\"><span class=\"wpcf7-form-control wpcf7-radio\"><span class=\"wpcf7-list-item first\"><label><input type=\"radio\" name=\"autor-jurua\" value=\"Si\" \/><span class=\"wpcf7-list-item-label\">Si<\/span><\/label><\/span><span class=\"wpcf7-list-item last\"><label><input type=\"radio\" name=\"autor-jurua\" value=\"No\" \/><span class=\"wpcf7-list-item-label\">No<\/span><\/label><\/span><\/span><\/span>\n\t\t\t<\/p>\n\t\t<\/div>\n\t<\/div>\n\t<div class=\"col-sm-6\">\n\t\t<div class=\"form-group\">\n\t\t\t<p><label>\u00bfYa ha publicado un art\u00edculo en CONSINTER?<\/label><br \/>\n<span class=\"wpcf7-form-control-wrap\" data-name=\"artigo-consinter\"><span class=\"wpcf7-form-control wpcf7-radio\"><span class=\"wpcf7-list-item first\"><label><input type=\"radio\" name=\"artigo-consinter\" value=\"Si\" \/><span class=\"wpcf7-list-item-label\">Si<\/span><\/label><\/span><span class=\"wpcf7-list-item last\"><label><input type=\"radio\" name=\"artigo-consinter\" value=\"No\" \/><span class=\"wpcf7-list-item-label\">No<\/span><\/label><\/span><\/span><\/span>\n\t\t\t<\/p>\n\t\t<\/div>\n\t<\/div>\n<\/div>\n<div class=\"row\">\n\t<div class=\"col-sm-6\">\n\t\t<div class=\"form-group\">\n\t\t\t<p><label>Universidad vinculada como profesor:<\/label><br \/>\n<span class=\"wpcf7-form-control-wrap\" data-name=\"universidade\"><input size=\"40\" maxlength=\"400\" class=\"wpcf7-form-control wpcf7-text wpcf7-validates-as-required form-control\" aria-required=\"true\" aria-invalid=\"false\" value=\"\" type=\"text\" name=\"universidade\" \/><\/span>\n\t\t\t<\/p>\n\t\t<\/div>\n\t<\/div>\n\t<div class=\"col-sm-6\">\n\t\t<div class=\"form-group\">\n\t\t\t<p><label>Ciudad, estado y pa\u00eds de la Universidad:<\/label><br \/>\n<span class=\"wpcf7-form-control-wrap\" data-name=\"universidade-local\"><input size=\"40\" maxlength=\"400\" class=\"wpcf7-form-control wpcf7-text wpcf7-validates-as-required form-control\" aria-required=\"true\" aria-invalid=\"false\" value=\"\" type=\"text\" name=\"universidade-local\" \/><\/span>\n\t\t\t<\/p>\n\t\t<\/div>\n\t<\/div>\n<\/div>\n<div class=\"row\">\n\t<div class=\"col-sm-6\">\n\t\t<div class=\"form-group\">\n\t\t\t<p><label>Universidad donde realiz\u00f3 el doctorado o posdoctorado:<\/label><br \/>\n<span class=\"wpcf7-form-control-wrap\" data-name=\"universidade-formacao\"><input size=\"40\" maxlength=\"400\" class=\"wpcf7-form-control wpcf7-text wpcf7-validates-as-required form-control\" aria-required=\"true\" aria-invalid=\"false\" value=\"\" type=\"text\" name=\"universidade-formacao\" \/><\/span>\n\t\t\t<\/p>\n\t\t<\/div>\n\t<\/div>\n\t<div class=\"col-sm-6\">\n\t\t<div class=\"form-group\">\n\t\t\t<p><label>Ciudad, estado y pa\u00eds de formaci\u00f3n:<\/label><br \/>\n<span class=\"wpcf7-form-control-wrap\" data-name=\"universidade-formacao-local\"><input size=\"40\" maxlength=\"400\" class=\"wpcf7-form-control wpcf7-text wpcf7-validates-as-required form-control\" aria-required=\"true\" aria-invalid=\"false\" value=\"\" type=\"text\" name=\"universidade-formacao-local\" \/><\/span>\n\t\t\t<\/p>\n\t\t<\/div>\n\t<\/div>\n<\/div>\n<div class=\"row\">\n\t<div class=\"col-sm-6\">\n\t\t<div class=\"form-group\">\n\t\t\t<p><label>\u00c1reas de conocimiento que puede evaluar:<\/label><br \/>\n<span class=\"wpcf7-form-control-wrap\" data-name=\"areas-conhecimento\"><input size=\"40\" maxlength=\"400\" class=\"wpcf7-form-control wpcf7-text wpcf7-validates-as-required form-control\" aria-required=\"true\" aria-invalid=\"false\" value=\"\" type=\"text\" name=\"areas-conhecimento\" \/><\/span>\n\t\t\t<\/p>\n\t\t<\/div>\n\t<\/div>\n\t<div class=\"col-sm-6\">\n\t\t<div class=\"form-group\">\n\t\t\t<p><label>Idiomas que puedes evaluar:<\/label><br \/>\n<span class=\"wpcf7-form-control-wrap\" data-name=\"idiomas\"><input size=\"40\" maxlength=\"400\" class=\"wpcf7-form-control wpcf7-text wpcf7-validates-as-required form-control\" aria-required=\"true\" aria-invalid=\"false\" value=\"\" type=\"text\" name=\"idiomas\" \/><\/span>\n\t\t\t<\/p>\n\t\t<\/div>\n\t<\/div>\n<\/div>\n<div class=\"row\">\n\t<div class=\"col-sm-6\">\n\t\t<div class=\"form-group\">\n\t\t\t<p><label>\u00bfEst\u00e1 usted en el consejo evaluador o en el consejo asesor de otra revista?<\/label><br \/>\n<span class=\"wpcf7-form-control-wrap\" data-name=\"conselho-outra-revista\"><span class=\"wpcf7-form-control wpcf7-radio\"><span class=\"wpcf7-list-item first\"><label><input type=\"radio\" name=\"conselho-outra-revista\" value=\"Si\" \/><span class=\"wpcf7-list-item-label\">Si<\/span><\/label><\/span><span class=\"wpcf7-list-item last\"><label><input type=\"radio\" name=\"conselho-outra-revista\" value=\"No\" \/><span class=\"wpcf7-list-item-label\">No<\/span><\/label><\/span><\/span><\/span>\n\t\t\t<\/p>\n\t\t<\/div>\n\t<\/div>\n\t<div class=\"col-sm-6\">\n\t\t<div class=\"form-group\">\n\t\t\t<p><label>Si es as\u00ed \u00bfqu\u00e9 revista?<\/label><br \/>\n<span class=\"wpcf7-form-control-wrap\" data-name=\"conselho-outra-revista-qual\"><input size=\"40\" maxlength=\"400\" class=\"wpcf7-form-control wpcf7-text form-control\" aria-invalid=\"false\" value=\"\" type=\"text\" name=\"conselho-outra-revista-qual\" \/><\/span>\n\t\t\t<\/p>\n\t\t<\/div>\n\t<\/div>\n<\/div>\n<div class=\"row\">\n\t<div class=\"col-sm-12 form-group\">\n\t\t<p><b>Libros y art\u00edculos publicados<\/b>\n\t\t<\/p>\n\t<\/div>\n<\/div>\n<div class=\"row\">\n\t<div class=\"col-sm-6\">\n\t\t<div class=\"form-group\">\n\t\t\t<p><label>Libro:<\/label><br \/>\n<span class=\"wpcf7-form-control-wrap\" data-name=\"livro1\"><input size=\"40\" maxlength=\"400\" class=\"wpcf7-form-control wpcf7-text form-control\" aria-invalid=\"false\" value=\"\" type=\"text\" name=\"livro1\" \/><\/span>\n\t\t\t<\/p>\n\t\t<\/div>\n\t<\/div>\n\t<div class=\"col-sm-6\">\n\t\t<div class=\"form-group\">\n\t\t\t<p><label>Editora:<\/label><br \/>\n<span class=\"wpcf7-form-control-wrap\" data-name=\"editora1\"><input size=\"40\" maxlength=\"400\" class=\"wpcf7-form-control wpcf7-text form-control\" aria-invalid=\"false\" value=\"\" type=\"text\" name=\"editora1\" \/><\/span>\n\t\t\t<\/p>\n\t\t<\/div>\n\t<\/div>\n<\/div>\n<div class=\"row\">\n\t<div class=\"col-sm-6\">\n\t\t<div class=\"form-group\">\n\t\t\t<p><label>Libro:<\/label><br \/>\n<span class=\"wpcf7-form-control-wrap\" data-name=\"livro2\"><input size=\"40\" maxlength=\"400\" class=\"wpcf7-form-control wpcf7-text form-control\" aria-invalid=\"false\" value=\"\" type=\"text\" name=\"livro2\" \/><\/span>\n\t\t\t<\/p>\n\t\t<\/div>\n\t<\/div>\n\t<div class=\"col-sm-6\">\n\t\t<div class=\"form-group\">\n\t\t\t<p><label>Editora:<\/label><br \/>\n<span class=\"wpcf7-form-control-wrap\" data-name=\"editora2\"><input size=\"40\" maxlength=\"400\" class=\"wpcf7-form-control wpcf7-text form-control\" aria-invalid=\"false\" value=\"\" type=\"text\" name=\"editora2\" \/><\/span>\n\t\t\t<\/p>\n\t\t<\/div>\n\t<\/div>\n<\/div>\n<div class=\"row\">\n\t<div class=\"col-sm-6\">\n\t\t<div class=\"form-group\">\n\t\t\t<p><label>Art\u00edculo:<\/label><br \/>\n<span class=\"wpcf7-form-control-wrap\" data-name=\"artigo1\"><input size=\"40\" maxlength=\"400\" class=\"wpcf7-form-control wpcf7-text form-control\" aria-invalid=\"false\" value=\"\" type=\"text\" name=\"artigo1\" \/><\/span>\n\t\t\t<\/p>\n\t\t<\/div>\n\t<\/div>\n\t<div class=\"col-sm-6\">\n\t\t<div class=\"form-group\">\n\t\t\t<p><label>Revista:<\/label><br \/>\n<span class=\"wpcf7-form-control-wrap\" data-name=\"revista1\"><input size=\"40\" maxlength=\"400\" class=\"wpcf7-form-control wpcf7-text form-control\" aria-invalid=\"false\" value=\"\" type=\"text\" name=\"revista1\" \/><\/span>\n\t\t\t<\/p>\n\t\t<\/div>\n\t<\/div>\n<\/div>\n<div class=\"row\">\n\t<div class=\"col-sm-6\">\n\t\t<div class=\"form-group\">\n\t\t\t<p><label>Art\u00edculo:<\/label><br \/>\n<span class=\"wpcf7-form-control-wrap\" data-name=\"artigo2\"><input size=\"40\" maxlength=\"400\" class=\"wpcf7-form-control wpcf7-text form-control\" aria-invalid=\"false\" value=\"\" type=\"text\" name=\"artigo2\" \/><\/span>\n\t\t\t<\/p>\n\t\t<\/div>\n\t<\/div>\n\t<div class=\"col-sm-6\">\n\t\t<div class=\"form-group\">\n\t\t\t<p><label>Revista:<\/label><br \/>\n<span class=\"wpcf7-form-control-wrap\" data-name=\"revista2\"><input size=\"40\" maxlength=\"400\" class=\"wpcf7-form-control wpcf7-text form-control\" aria-invalid=\"false\" value=\"\" type=\"text\" name=\"revista2\" \/><\/span>\n\t\t\t<\/p>\n\t\t<\/div>\n\t<\/div>\n<\/div>\n<div class=\"row\">\n\t<div class=\"col-sm-12\">\n\t\t<div class=\"form-group\">\n\t\t\t<p><label>**cadastre-se no link<\/label>&nbsp;<a href=\"https:\/\/orcid.org\/signin\" target=\"_blank\">https:\/\/orcid.org\/signin<\/a>\n\t\t\t<\/p>\n\t\t<\/div>\n\t<\/div>\n<\/div>\n<div class=\"row\">\n\t<div class=\"col-sm-12 form-group\">\n\t\t<p><b>Reproducci\u00f3n de Im\u00e1genes y Ley de Protecci\u00f3n de Datos LGPD<\/b>\n\t\t<\/p>\n\t\t<p>En caso de mi eventual participaci\u00f3n en el evento organizado\/promovido por CONSINTER y\/o sus afiliadas, autorizo y concedo tambi\u00e9n, de forma irrevocable, definitiva y gratuita, los derechos de divulgaci\u00f3n de mi imagen y\/o voz y\/o redes sociales, por CONSINTER - Consejo Internacional de Estudios Contempor\u00e1neos en Postgrado y\/o por Editora Juru\u00e1 Ltda., y\/o por Editorial Juru\u00e1 Lda. en el caso(s) que produzcan o ya hayan producido, en cualquier momento mediante transmisi\u00f3n en eventuales videos promocionales, y ambos (CONSINTER y\/o Juru\u00e1 Editora y\/o Editorial Juru\u00e1 Lda.) en conjunto o por separado, en los t\u00e9rminos de la ley, podr\u00e1n editar, publicar, divulgar, reproducir con fines comerciales y de forma definitiva, a trav\u00e9s de cualquier medio t\u00e9cnico, mecanogr\u00e1fico, inform\u00e1tico, electr\u00f3nico o audiovisual (internet, disquetes, CDROM, cinematogr\u00e1fico, etc.), individualmente o a trav\u00e9s de socios, siendo esta cesi\u00f3n\/autorizaci\u00f3n realizada a t\u00edtulo gratuito y sin onerosidad alguna y\/o cualquier otro tipo de contraprestaci\u00f3n. Soy consciente de que no recibir\u00e9 ninguna remuneraci\u00f3n, pago o compensaci\u00f3n, debido a la divulgaci\u00f3n de mi voz e im\u00e1genes, siendo que esta autorizaci\u00f3n tambi\u00e9n se aplica a nuevas y futuras reediciones del evento a criterio de CONSINTER y\/o Juru\u00e1 Editora. Al aceptar de antemano las condiciones definidas, confirmo esta autorizaci\u00f3n, estando de acuerdo con los t\u00e9rminos expuestos para que tenga los efectos legales necesarios.\n\t\t<\/p>\n\t\t<p>En cumplimiento de lo dispuesto en la Ley 13.7098, yo, nombrado y calificado anteriormente, consiento y concuerdo con el tratamiento de mis datos personales por CONSINTER y\/o Juru\u00e1 Editora Ltda. y\/o Editorial Juru\u00e1 Lda., para fines de gesti\u00f3n de los procesos administrativos editoriales, de registro, comercializaci\u00f3n y difusi\u00f3n de mi art\u00edculo en acciones de marketing, tanto en formato impreso como a trav\u00e9s de medios digitales u otros medios que puedan existir, en sitios web propios o de terceros, incluyendo marketplace y transmisiones en vivo, dentro del territorio nacional y tambi\u00e9n fuera de \u00e9l. Tambi\u00e9n doy mi consentimiento para el intercambio de correos electr\u00f3nicos entre m\u00ed y los responsables del tratamiento con el objetivo de proporcionar informaci\u00f3n relevante para el evento y la publicaci\u00f3n de mi art\u00edculo, a los efectos del perfecto desarrollo del proceso de selecci\u00f3n, edici\u00f3n, publicaci\u00f3n y difusi\u00f3n. Tambi\u00e9n autorizo el uso de mi direcci\u00f3n con el fin de enviar libros y documentos a trav\u00e9s de correos, transportistas u otros medios de transporte.\n\t\t<\/p>\n\t\t<p><span class=\"wpcf7-form-control-wrap\" data-name=\"aceite-lgpd\"><span class=\"wpcf7-form-control wpcf7-checkbox wpcf7-validates-as-required\"><span class=\"wpcf7-list-item first last\"><label><input type=\"checkbox\" name=\"aceite-lgpd[]\" value=\"Estoy de acuerdo\" \/><span class=\"wpcf7-list-item-label\">Estoy de acuerdo<\/span><\/label><\/span><\/span><\/span>\n\t\t<\/p>\n\t<\/div>\n<\/div>\n<div class=\"form-group\">\n\t<p><input class=\"wpcf7-form-control wpcf7-submit has-spinner btn btn-default\" type=\"submit\" value=\"Enviar\" \/>\n\t<\/p>\n<\/div><div class=\"wpcf7-response-output\" aria-hidden=\"true\"><\/div>\n<\/form>\n<\/div>\n\n<p><em>Su CV ser\u00e1 evaluado por el Consejo Editorial, una vez aprobado le enviaremos la informaci\u00f3n por email.<\/em><\/p>\n<p><em>Si tiene alguna pregunta, env\u00ede un email a <a href=\"mailto:contato@consinter.org\">contato@consinter.org<\/a>.<\/em><\/p>","protected":false},"excerpt":{"rendered":"<p>\u00bfQu\u00e9 tal ser parte de la selecta lista de evaluadores de CONSINTER como un puesto honorario? Descubra los beneficios: Ser parte del Cuerpo de Evaluadores de CONSINTER; Enriquecer su curr\u00edculo acad\u00e9mico con sus evaluaciones; Recibir un certificado de evaluaci\u00f3n; 500 p\u00e1ginas gratuitas de la BV \u2013 Biblioteca Virtual de Juru\u00e1; 10% de descuento en el [&hellip;]<\/p>\n","protected":false},"author":3,"featured_media":0,"parent":0,"menu_order":0,"comment_status":"closed","ping_status":"closed","template":"","meta":{"_acf_changed":false,"footnotes":""},"class_list":["post-2195","page","type-page","status-publish","hentry"],"acf":[],"_links":{"self":[{"href":"https:\/\/consinter.org\/es\/wp-json\/wp\/v2\/pages\/2195","targetHints":{"allow":["GET"]}}],"collection":[{"href":"https:\/\/consinter.org\/es\/wp-json\/wp\/v2\/pages"}],"about":[{"href":"https:\/\/consinter.org\/es\/wp-json\/wp\/v2\/types\/page"}],"author":[{"embeddable":true,"href":"https:\/\/consinter.org\/es\/wp-json\/wp\/v2\/users\/3"}],"replies":[{"embeddable":true,"href":"https:\/\/consinter.org\/es\/wp-json\/wp\/v2\/comments?post=2195"}],"version-history":[{"count":1,"href":"https:\/\/consinter.org\/es\/wp-json\/wp\/v2\/pages\/2195\/revisions"}],"predecessor-version":[{"id":2361,"href":"https:\/\/consinter.org\/es\/wp-json\/wp\/v2\/pages\/2195\/revisions\/2361"}],"wp:attachment":[{"href":"https:\/\/consinter.org\/es\/wp-json\/wp\/v2\/media?parent=2195"}],"curies":[{"name":"wp","href":"https:\/\/api.w.org\/{rel}","templated":true}]}}