{"id":2,"date":"2020-01-17T15:18:43","date_gmt":"2020-01-17T18:18:43","guid":{"rendered":"https:\/\/consinter.org\/ctnvivo2020\/?page_id=2"},"modified":"2020-02-06T15:59:43","modified_gmt":"2020-02-06T18:59:43","slug":"pagina-exemplo","status":"publish","type":"page","link":"https:\/\/consinter.org\/ctnvivo2020\/","title":{"rendered":"HOME"},"content":{"rendered":"<div class=\"wpb-content-wrapper\"><p>[vc_row full_width=&#8221;stretch_row&#8221; section_id=&#8221;home&#8221; fullwidth=&#8221;no&#8221; bg_image_custom=&#8221;121&#8243; el_id=&#8221;home&#8221; css=&#8221;.vc_custom_1579290367468{margin-top: 0px !important;margin-bottom: 0px !important;border-top-width: 0px !important;border-bottom-width: 0px !important;padding-top: 0px !important;padding-bottom: 0px !important;background-image: url(https:\/\/consinter.org\/ctnvivo2020\/wp-content\/uploads\/sites\/23\/2020\/01\/fundo.jpg?id=19) !important;background-position: center !important;background-repeat: no-repeat !important;background-size: cover !important;}&#8221; parallax_bg=&#8221;1&#8243; stellar_background_ratio=&#8221;0.6&#8243;][vc_column css=&#8221;.vc_custom_1417507329606{padding-bottom: 0px !important;}&#8221;]<div id=\"main-slider\" data-height_desk=\"768px\" data-height_ipad=\"768px\" data-height_mobile=\"800px\" data-loop=\"false\" data-auto_slider=\"false\" data-duration=\"3000\" data-navigation=\"false\"  class=\"owl-carousel owl-theme \"><div class=\"item page text-center slide0\">\r\n                    <div class=\"caption\">\r\n                            <div class=\"div-table\">\r\n                                <div class=\"div-cell\"><h2 class=\"caption-title\" data-animation=\"fadeInDown\" data-animation-delay=\"100\"><span>10 de fevereiro de 2020<\/span><\/h2><h3 class=\"caption-subtitle\" data-animation=\"fadeInUp\" data-animation-delay=\"300\">Coment\u00e1rios ao C\u00f3digo Tribut\u00e1rio Nacional - CTN Vivo Juru\u00e1Docs<\/h3><div class=\"countdown-wrapper\">\r\n                            <div class=\"defaultCountdown clearfix\" \r\n                                       data-years=anos data-months=meses data-weeks=\"semanas\" data-days=\"dias\" data-hours=\"horas\" data-minutes=\"minutos\" data-seconds=\"segundos\" \r\n                                       data-year=ano data-month=m\u00eas data-week=\"semana\" data-day=\"dia\" data-hour=\"hora\" data-minute=\"minuto\" data-second=\"segundo\" \r\n                                       data-end_date_y = \"2020\" data-end_date_m=\"02\" data-end_date_d=\"10\" \r\n                                       data-end_date_h = \"19\" data-end_date_i = \"30\" \r\n                                       data-timezone = \"0\" data-display_format=\"dHMS\"\r\n                            ><\/div>\r\n                        <\/div><\/div><\/div><\/div><\/div><\/div>\r\n      <div class=\"event-description \">        \r\n        <div class=\"event-background\" style=\"background-color:#0d1d31\">\r\n            <div class=\"container-fluid\">\r\n                <div class=\"row\">\r\n                    \r\n            <div class=\"col-md-6\">\r\n              <div class=\"media \">\r\n                          <span class=\"pull-left\">\r\n                              <i class=\"fa fa-calendar fa-2x\"><\/i>\r\n                          <\/span>\r\n                  <div class=\"media-body\">\r\n                      <h4 class=\"media-heading\">Data\/Hor\u00e1rio<\/h4>\r\n                      <span>10\/02\/2020 \u00e0s 19:30h<\/span>\r\n                  <\/div>\r\n              <\/div>\r\n            <\/div>\r\n    \r\n            <div class=\"col-md-6\">\r\n              <div class=\"media \">\r\n                          <span class=\"pull-left\">\r\n                              <i class=\"fa fa-map-marker fa-2x\"><\/i>\r\n                          <\/span>\r\n                  <div class=\"media-body\">\r\n                      <h4 class=\"media-heading\">Local<\/h4>\r\n                      <span>ESMAFE\/PR - Curitiba<\/span>\r\n                  <\/div>\r\n              <\/div>\r\n            <\/div>\r\n    \r\n                <\/div>\r\n            <\/div>        \r\n        <\/div>\r\n    <\/div>\r\n    [\/vc_column][\/vc_row][vc_row section_id=&#8221;about&#8221; css=&#8221;.vc_custom_1428394403301{margin-top: 0px !important;margin-bottom: 0px !important;border-top-width: 0px !important;border-bottom-width: 0px !important;padding-top: 70px !important;padding-bottom: 70px !important;}&#8221; fullwidth=&#8221;no&#8221; el_id=&#8221;about&#8221; parallax_bg=&#8221;0&#8243; stellar_background_ratio=&#8221;0.6&#8243;][vc_column]\r\n      <h3 class=\"section-title \"><span data-animation=\"flipInY\" data-animation-delay=\"0\" class=\"icon-inner\"><span class=\"fa-stack\"><i class=\"fa rhex fa-stack-2x\"><\/i><i class=\"fa fa-star fa-stack-1x\"><\/i><\/span><\/span><span data-animation=\"fadeInRight\" data-animation-delay=\"500\" class=\"title-inner\">SOBRE O EVENTO<\/h3>\r\n    [\/vc_column][vc_column][vc_column_text css=&#8221;.vc_custom_1580993116313{margin-bottom: 15px !important;}&#8221;]<strong> NOMENCLATURA<\/strong><\/p>\n<p>Coment\u00e1rios ao C\u00f3digo Tribut\u00e1rio Nacional &#8211; CTN Vivo Juru\u00e1Docs<\/p>\n<p><strong>LOCAL, DATA E HOR\u00c1RIO<\/strong><\/p>\n<p>Local: Rua Eur\u00edpedes Garcez do Nascimento, 1167 &#8211; Ah\u00fa, Curitiba &#8211; PR, 80540-280<\/p>\n<p>Dia: 10 de fevereiro de 2020.<\/p>\n<p>Hor\u00e1rio: 19:30h &#8211; ser\u00e1 transmitido tamb\u00e9m no canal da ESMAFE\/PR no Youtube &#8211; <a href=\"https:\/\/youtu.be\/inUDK9HiMLE\" target=\"_blank\" rel=\"noopener noreferrer\">https:\/\/youtu.be\/inUDK9HiMLE<\/a><\/p>\n<p><strong>COORDENA\u00c7\u00c3O<\/strong><\/p>\n<p>Ant\u00f4nio C\u00e9sar Bochenek, Marcio Augusto Nascimento e Vinicius Dalazoana<\/p>\n<p><strong>COLABORADORES\/DEBATEDORES<\/strong><\/p>\n<p>Dr. Ant\u00f4nio C\u00e9sar Bochenek, Juiz Federal do TRF da 4\u00aa Regi\u00e3o<br \/>\nDr. Adriano Martins Portelinha, Procurador da Fazenda Nacional<br \/>\nDr. Andr\u00e9 Wasileswski Duszczak, Juiz Federal do TRF da 4\u00aa Regi\u00e3o<br \/>\nDr. D\u00e9cio Jos\u00e9 da Silva, Juiz Federal do TRF da 4\u00aa Regi\u00e3o<br \/>\nDr. Eduardo Santos da Rocha Penteado<br \/>\nDr. Fabr\u00edcio Bittencourt da Cruz, Juiz Federal do TRF da 4\u00aa Regi\u00e3o<br \/>\nDr. Marcelo Moreira Candeloro, Procurador do Munic\u00edpio de Londrina\/PR<br \/>\nDr. Marcio Augusto Nascimento, Juiz Federal do TRF da 4\u00aa Regi\u00e3o<br \/>\nDr. Marcos Massashi Horita, Procurador do Estado do Paran\u00e1<br \/>\nDr. Paulo S\u00e9rgio Ribeiro, Juiz Federal do TRF da 4\u00aa Regi\u00e3o<br \/>\nDr. Vinicius Dalazoana, especialista em direito tribut\u00e1rio e oficial de gabinete<\/p>\n<p><strong> APRESENTA\u00c7\u00c3O<\/strong><\/p>\n<p align=\"justify\"><span style=\"font-family: Liberation Serif, serif;\"><span style=\"font-size: medium;\"><span style=\"font-family: Arial, serif;\"><a href=\"https:\/\/www.jurua.com.br\/shop_item.asp?id=28331\" target=\"_blank\" rel=\"noopener noreferrer\"><img loading=\"lazy\" decoding=\"async\" class=\"capa alignright wp-image-22 size-medium\" src=\"https:\/\/consinter.org\/ctnvivo2020\/wp-content\/uploads\/sites\/23\/2020\/01\/ctnvivo-capa-216x300.jpg\" alt=\"\" width=\"216\" height=\"300\" srcset=\"https:\/\/consinter.org\/ctnvivo2020\/wp-content\/uploads\/sites\/23\/2020\/01\/ctnvivo-capa-216x300.jpg 216w, https:\/\/consinter.org\/ctnvivo2020\/wp-content\/uploads\/sites\/23\/2020\/01\/ctnvivo-capa.jpg 450w\" sizes=\"auto, (max-width: 216px) 100vw, 216px\" \/><\/a>A Juru\u00e1 Editora anuncia a sua nova obra: \u201cComent\u00e1rios ao C\u00f3digo Tribut\u00e1rio Nacional &#8211; CTN Vivo\u201d<\/span><span style=\"font-family: Arial, Helvetica, sans-serif, serif;\">, dispon\u00edvel em <a href=\"https:\/\/www.jurua.com.br\/shop_item.asp?id=28331\" target=\"_blank\" rel=\"noopener noreferrer\">vers\u00e3o impressa <i class=\"fa fa-external-link-alt\"><\/i><\/a> e digital na plataforma <\/span><span style=\"font-family: Arial, Helvetica, sans-serif, serif;\"><b><a href=\"https:\/\/www.juruadocs.com\" target=\"_blank\" rel=\"noopener noreferrer\">Juru\u00e1Docs <i class=\"fa fa-external-link-alt\"><\/i><\/a><\/b><\/span><span style=\"font-family: Arial, Helvetica, sans-serif, serif;\"><b>.<\/b><\/span> <\/span><\/span><\/p>\n<p align=\"justify\"><span style=\"font-family: Liberation Serif, serif;\"><span style=\"font-size: medium;\"><span style=\"font-family: Arial, Helvetica, sans-serif, serif;\">O evento de lan\u00e7amento contar\u00e1 com um debate de excel\u00eancia entre os autores da obra e noite de aut\u00f3grafos, no dia 10 de fevereiro, a partir das 19h30, na ESMAFE\/PR, com transmiss\u00e3o ao vivo, GRATUITA e ONLINE, atrav\u00e9s do canal da ESMAFE\/PR. <\/span><\/span><\/span><\/p>\n<p><span style=\"font-family: Liberation Serif, serif;\"><span style=\"font-size: medium;\"><span style=\"font-family: Arial, Helvetica, sans-serif, serif;\">Nessa obra a tem\u00e1tica tribut\u00e1ria \u00e9 disponibilizada ao leitor<\/span><span style=\"font-family: Arial, serif;\"> de modo organizado e f\u00e1cil, oferecendo subs\u00eddios atualizados e consistentes para uma atua\u00e7\u00e3o pr\u00e1tica e assertiva. Destaca-se que a obra dispon\u00edvel na plataforma <strong>Juru\u00e1Docs<\/strong> \u00e9 <\/span><span style=\"font-family: Arial, serif;\"><i>viva<\/i><\/span><span style=\"font-family: Arial, serif;\">, isto \u00e9, est\u00e1 em constante e permanente atualiza\u00e7\u00e3o legislativa e jurisprudencial.<\/span><\/span><\/span><\/p>\n<p align=\"justify\"><span style=\"font-family: Liberation Serif, serif;\"><span style=\"font-size: medium;\"><span style=\"font-family: Arial, serif;\">Conhe\u00e7a a <strong>Juru\u00e1Docs<\/strong> e participe desse grande evento! <\/span><\/span><\/span><\/p>\n<p>[\/vc_column_text][\/vc_column][\/vc_row][vc_row section_id=&#8221;sponsors&#8221; css=&#8221;.vc_custom_1569870729475{margin-top: 0px !important;margin-bottom: 0px !important;border-top-width: 0px !important;border-bottom-width: 0px !important;padding-top: 70px !important;padding-bottom: 70px !important;background-position: center !important;background-repeat: no-repeat !important;background-size: cover !important;}&#8221; fullwidth=&#8221;no&#8221; el_id=&#8221;sponsors&#8221; el_class=&#8221;text-center&#8221; parallax_bg=&#8221;0&#8243; stellar_background_ratio=&#8221;0.6&#8243;][vc_column]\r\n      <h3 class=\"section-title text-left\"><span data-animation=\"flipInY\" data-animation-delay=\"300\" class=\"icon-inner\"><span class=\"fa-stack\"><i class=\"fa rhex fa-stack-2x\"><\/i><i class=\"fa fa-thumbs-up fa-stack-1x\"><\/i><\/span><\/span><span data-animation=\"fadeInRight\" data-animation-delay=\"500\" class=\"title-inner\">Promo\u00e7\u00e3o <small> \/ apoio<\/small><\/span><\/h3>\r\n    \r\n      <div class=\"partners-carousel \"  data-animation=\"fadeInDown\" data-animation-delay=\"300\">\r\n          <div class=\"owl-carousel\" data-auto=\"false\" data-show_nav=\"false\" data-loop=\"false\" data-itemslide=\"3\" data-autoplaytimeout=\"5000\"><div><a href=\"http:\/\/www.jurua.com.br\" target=\"_blank\"><img decoding=\"async\" src=\"https:\/\/consinter.org\/ctnvivo2020\/wp-content\/uploads\/sites\/23\/2020\/01\/jurua.png\" alt=\"Juru\u00e1 Editora\"\/><\/a><\/div><div><a href=\"http:\/\/www.consinter.org\/\" target=\"_blank\"><img decoding=\"async\" src=\"https:\/\/consinter.org\/ctnvivo2020\/wp-content\/uploads\/sites\/23\/2020\/01\/consinter.png\" alt=\"CONSINTER - Conselho Internacional de Estudos Contempor\u00e2neos em P\u00f3s-Gradua\u00e7\u00e3o\"\/><\/a><\/div><div><a href=\"https:\/\/www.juruadocs.com\" target=\"_blank\"><img decoding=\"async\" src=\"https:\/\/consinter.org\/ctnvivo2020\/wp-content\/uploads\/sites\/23\/2020\/01\/juruadocs.png\" alt=\"Juru\u00e1Docs\"\/><\/a><\/div><\/div>\r\n      <\/div>\r\n    [vc_text_separator title=&#8221;APOIO&#8221; border_width=&#8221;2&#8243; css=&#8221;.vc_custom_1580412653288{margin-top: 50px !important;margin-bottom: 15px !important;}&#8221;]\r\n      <div class=\"partners-carousel \"  data-animation=\"fadeInDown\" data-animation-delay=\"300\">\r\n          <div class=\"owl-carousel\" data-auto=\"true\" data-show_nav=\"true\" data-loop=\"true\" data-itemslide=\"3\" data-autoplaytimeout=\"5000\"><div><a href=\"https:\/\/www.esmafe.com.br\/\" target=\"_blank\"><img decoding=\"async\" src=\"https:\/\/consinter.org\/ctnvivo2020\/wp-content\/uploads\/sites\/23\/2020\/01\/esmafepr.jpg\" alt=\"ESMAFE\/PR - Escola da Magistratura Federal do Paran\u00e1\"\/><\/a><\/div><div><a href=\"https:\/\/www.ajufe.org.br\/\" target=\"_blank\"><img decoding=\"async\" src=\"https:\/\/consinter.org\/ctnvivo2020\/wp-content\/uploads\/sites\/23\/2020\/01\/ajufe.png\" alt=\"AJUFE - Associa\u00e7\u00e3o dos Ju\u00edzes Federais do Brasil\"\/><\/a><\/div><div><a href=\"https:\/\/pt-br.facebook.com\/apajufe\/\" target=\"_blank\"><img decoding=\"async\" src=\"https:\/\/consinter.org\/ctnvivo2020\/wp-content\/uploads\/sites\/23\/2020\/01\/apajufe.png\" alt=\"APAJUFE - Associa\u00e7\u00e3o Paranaense dos Ju\u00edzes Federais\"\/><\/a><\/div><div><a href=\"https:\/\/www.ab2l.org.br\/\" target=\"_blank\"><img decoding=\"async\" src=\"https:\/\/consinter.org\/ctnvivo2020\/wp-content\/uploads\/sites\/23\/2020\/01\/ab2l.png\" alt=\"AB2L - Associa\u00e7\u00e3o Brasileira de Lawtechs e Legaltechs\"\/><\/a><\/div><div><a href=\"https:\/\/anajure.org.br\/\" target=\"_blank\"><img decoding=\"async\" src=\"https:\/\/consinter.org\/ctnvivo2020\/wp-content\/uploads\/sites\/23\/2020\/02\/anajure.png\" alt=\"ANAJURE - Associa\u00e7\u00e3o Nacional de Juristas Evang\u00e9licos\"\/><\/a><\/div><div><a href=\"https:\/\/juridicocerto.com\/p\/mprfirmadeadv\" target=\"_blank\"><img decoding=\"async\" src=\"https:\/\/consinter.org\/ctnvivo2020\/wp-content\/uploads\/sites\/23\/2020\/01\/martins-pereira-rodrigues.png\" alt=\"Martins, Pereira &amp; Rodrigues - Firma de Advogados\"\/><\/a><\/div><\/div>\r\n      <\/div>\r\n    [\/vc_column][\/vc_row][vc_row section_id=&#8221;register&#8221; fullwidth=&#8221;no&#8221; bg_image_custom=&#8221;121&#8243; css=&#8221;.vc_custom_1457379474266{margin-top: 0px !important;margin-bottom: 0px !important;border-top-width: 0px !important;border-bottom-width: 0px !important;padding-top: 70px !important;padding-bottom: 70px !important;background-position: center !important;background-repeat: no-repeat !important;background-size: cover !important;}&#8221; el_id=&#8221;register&#8221; parallax_bg=&#8221;1&#8243; stellar_background_ratio=&#8221;0.2&#8243;][vc_column]\r\n      <h3 class=\"section-title text-left\"><span data-animation=\"flipInY\" data-animation-delay=\"300\" class=\"icon-inner\"><span class=\"fa-stack\"><i class=\"fa rhex fa-stack-2x\"><\/i><i class=\"fa fa-ticket fa-stack-1x\"><\/i><\/span><\/span><span data-animation=\"fadeInRight\" data-animation-delay=\"500\" class=\"title-inner\">Inscreva-se <small> \/ evento gratuito<\/small><\/span><\/h3>\r\n    [vc_column_text]<p class=\"datelimit\">Inscri\u00e7\u00f5es encerradas!<\/p>[\/vc_column_text][\/vc_column][\/vc_row][vc_row full_width=&#8221;stretch_row&#8221; section_id=&#8221;contact&#8221; el_class=&#8221;hidden&#8221; fullwidth=&#8221;no&#8221; css=&#8221;.vc_custom_1579285780910{margin-top: 0px !important;margin-bottom: 0px !important;border-top-width: 0px !important;border-bottom-width: 0px !important;padding-top: 70px !important;padding-bottom: 70px !important;}&#8221; parallax_bg=&#8221;0&#8243; stellar_background_ratio=&#8221;0.6&#8243;][vc_column]\r\n      <h3 class=\"section-title \"><span data-animation=\"flipInY\" data-animation-delay=\"300\" class=\"icon-inner\"><span class=\"fa-stack\"><i class=\"fa rhex fa-stack-2x\"><\/i><i class=\"fa fa-ticket fa-stack-1x\"><\/i><\/span><\/span><span data-animation=\"fadeInRight\" data-animation-delay=\"500\" class=\"title-inner\">Contato <small> \/ fale conosco<\/small><\/span><\/h3>\r\n    <p class=\"wpcf7-contact-form-not-found\"><strong>Erro:<\/strong> Formul\u00e1rio de contato n\u00e3o encontrado.<\/p>[\/vc_column][\/vc_row]<\/p>\n<\/div>","protected":false},"excerpt":{"rendered":"<p>[vc_row full_width=&#8221;stretch_row&#8221; section_id=&#8221;home&#8221; fullwidth=&#8221;no&#8221; bg_image_custom=&#8221;121&#8243; el_id=&#8221;home&#8221; css=&#8221;.vc_custom_1579290367468{margin-top: 0px !important;margin-bottom: 0px !important;border-top-width: 0px !important;border-bottom-width: 0px !important;padding-top: 0px !important;padding-bottom: 0px !important;background-image: url(https:\/\/consinter.org\/ctnvivo2020\/wp-content\/uploads\/sites\/23\/2020\/01\/fundo.jpg?id=19) !important;background-position: center !important;background-repeat: no-repeat !important;background-size: cover !important;}&#8221; parallax_bg=&#8221;1&#8243; stellar_background_ratio=&#8221;0.6&#8243;][vc_column css=&#8221;.vc_custom_1417507329606{padding-bottom: 0px !important;}&#8221;][\/vc_column][\/vc_row][vc_row section_id=&#8221;about&#8221; css=&#8221;.vc_custom_1428394403301{margin-top: 0px !important;margin-bottom: 0px !important;border-top-width: 0px !important;border-bottom-width: 0px !important;padding-top:<\/p>\n","protected":false},"author":3,"featured_media":0,"parent":0,"menu_order":0,"comment_status":"closed","ping_status":"open","template":"home_template.php","meta":{"_acf_changed":false,"footnotes":""},"class_list":["post-2","page","type-page","status-publish","hentry"],"acf":[],"_links":{"self":[{"href":"https:\/\/consinter.org\/ctnvivo2020\/wp-json\/wp\/v2\/pages\/2","targetHints":{"allow":["GET"]}}],"collection":[{"href":"https:\/\/consinter.org\/ctnvivo2020\/wp-json\/wp\/v2\/pages"}],"about":[{"href":"https:\/\/consinter.org\/ctnvivo2020\/wp-json\/wp\/v2\/types\/page"}],"author":[{"embeddable":true,"href":"https:\/\/consinter.org\/ctnvivo2020\/wp-json\/wp\/v2\/users\/3"}],"replies":[{"embeddable":true,"href":"https:\/\/consinter.org\/ctnvivo2020\/wp-json\/wp\/v2\/comments?post=2"}],"version-history":[{"count":1,"href":"https:\/\/consinter.org\/ctnvivo2020\/wp-json\/wp\/v2\/pages\/2\/revisions"}],"predecessor-version":[{"id":54,"href":"https:\/\/consinter.org\/ctnvivo2020\/wp-json\/wp\/v2\/pages\/2\/revisions\/54"}],"wp:attachment":[{"href":"https:\/\/consinter.org\/ctnvivo2020\/wp-json\/wp\/v2\/media?parent=2"}],"curies":[{"name":"wp","href":"https:\/\/api.w.org\/{rel}","templated":true}]}}